{"id":104,"date":"2010-07-24T14:22:04","date_gmt":"2010-07-24T14:22:04","guid":{"rendered":"https:\/\/www.yorklandhoteltoronto.com.php5-14.dfw1-1.websitetestlink.com\/newsite\/"},"modified":"2025-09-16T18:24:40","modified_gmt":"2025-09-16T18:24:40","slug":"contact-us","status":"publish","type":"page","link":"https:\/\/daysinnlindsay.com\/fr\/contact-us\/","title":{"rendered":"Nous contacter"},"content":{"rendered":"<p><\/p>\n<h2 style=\"display: none;\">Contact Us &#8211; Days Inn Lindsay<\/h2>\n<h3>Nous vous remercions de votre int\u00e9r\u00eat pour le Days Inn &#038; amp; Suites Lindsay!<\/h3>\n<p>Address: 134 Angeline Street South<br \/>\nLindsay Ontario<br \/>\nK9V3L6<\/p>\n<p>Directrice g\u00e9n\u00e9rale: Candace Buckley<br \/>\nEmail: <a href=\"mailto:candace@daysinnlindsay.com\">candace@daysinnlindsay.com<\/a><\/p>\n<p>Coordinatrice d&rsquo;\u00e9v\u00e8nements: Brittany Ryan<br \/>\nEmail: <a href=\"mailto:brittany@daysinnlindsay.com\">brittany@daysinnlindsay.com<\/a><\/p>\n<p>R\u00e9ception:<br \/>\n<a href=\"mailto:frontdesk@daysinnlindsay.com\">frontdesk@daysinnlindsay.com<\/a><\/p>\n<p><strong>Directions de Toronto:<\/strong><br \/>\nDirigez-vous vers le nord sur la Don Valley Parkway. Prenez l&rsquo;autoroute HWY401 Est sur environ 60 km. Prenez la sortie 436 pour ON-35 \/ ON-115 en direction de Lindsay \/ Peterborough. Continuez sur l&rsquo;autoroute 115 jusqu&rsquo;\u00e0 la sortie 19 pour ON-35N. Suivez ON-35N jusqu&rsquo;\u00e0 ce que vous atteigniez l&rsquo;intersection de HWY 7 et ON-35N et tournez \u00e0 gauche sur HWY 7. Le prochain feu de croisement croise Angeline St \/ County Rd 4, tournez \u00e0 droite sur Angeline St. L&rsquo;h\u00f4tel est situ\u00e9 sur la droite \u00e0 gauche au 134 Angeline St S.<\/p>\n<p><strong>Directions d&rsquo;Ottawa:<\/strong><br \/>\nDirigez-vous vers l&rsquo;ouest sur l&rsquo;autoroute 417. Prenez la sortie 145 sur l&rsquo;autoroute 7 jusqu&rsquo;\u00e0 Kawartha Lakes. Tournez \u00e0 gauche sur HWY115 S, puis prenez la sortie Sir Sandford Fleming Drive. Une fois \u00e0 l&rsquo;intersection de l&rsquo;autoroute 7, tournez \u00e0 droite (panneau Lindsay). Apr\u00e8s environ 9 km, tournez \u00e0 gauche pour rester sur l&rsquo;autoroute 7 (cette intersection est connue sous le nom de Fowlers Corners). Tournez \u00e0 droite sur Angeline St S \/ County Rd 4. L&rsquo;h\u00f4tel est situ\u00e9 sur le c\u00f4t\u00e9 droit au 134 Angeline St S.<\/p>\n<p>Hotel: <a href=\"tel:7053280100\">705-328-0100<\/a><\/p>\n<div class=\"iframe-contact\" style=\"margin-bottom: 20px;\"><iframe loading=\"lazy\" style=\"border: 0;\" src=\"https:\/\/www.google.com\/maps\/embed?pb=!1m0!3m2!1sen!2sca!4v1490736488624!6m8!1m7!1sRU3Inc68YiMAAAQvxfHgYA!2m2!1d44.34155930134432!2d-78.74605170194752!3f337!4f0!5f0.7820865974627469\" width=\"600\" height=\"300\" frameborder=\"0\" allowfullscreen=\"allowfullscreen\"><\/iframe><\/div>\n<div class=\"f-soc\">FIND US ON: <a target=\"_blank\" href=\"https:\/\/www.facebook.com\/pages\/Days-Inn-Suites-Lindsay\/361031680710690\" rel=\"noopener\"><i class=\"fa fa-facebook\" aria-hidden=\"true\"><\/i><\/a><a target=\"_blank\" href=\"https:\/\/www.instagram.com\/daysinnlindsay\/\" rel=\"noopener\"><i class=\"fa fa-instagram\" aria-hidden=\"true\"><\/i><\/a><a href=\"https:\/\/www.summerfunguide.ca\/companyprofile\/days-inn-suites-lindsay.html\" target=\"_blank\" rel=\"noopener\"><img decoding=\"async\" loading=\"lazy\" style=\"width: 95px; height: auto;\" src=\"https:\/\/daysinnlindsay.com\/wp-content\/uploads\/2018\/11\/logo.png\" alt=\"\" width=\"280\" height=\"73\" class=\"alignnone size-full wp-image-1406\" \/><\/a><\/div>\n<p><\/p>","protected":false},"excerpt":{"rendered":"<p>Contact Us &#8211; Days Inn Lindsay Nous vous remercions de votre int\u00e9r\u00eat pour le Days Inn &#038; amp; Suites Lindsay! Address: 134 Angeline Street South Lindsay Ontario K9V3L6 Directrice g\u00e9n\u00e9rale: Candace Buckley Email: candace@daysinnlindsay.com Coordinatrice d&rsquo;\u00e9v\u00e8nements: Brittany Ryan Email: brittany@daysinnlindsay.com R\u00e9ception: frontdesk@daysinnlindsay.com Directions de Toronto: Dirigez-vous vers le nord sur la Don Valley Parkway. Prenez [&hellip;]<\/p>\n","protected":false},"author":2,"featured_media":0,"parent":0,"menu_order":11,"comment_status":"open","ping_status":"closed","template":"","meta":{"_monsterinsights_skip_tracking":false,"_monsterinsights_sitenote_active":false,"_monsterinsights_sitenote_note":"","_monsterinsights_sitenote_category":0},"yoast_head":"<!-- This site is optimized with the Yoast SEO plugin v20.1 - https:\/\/yoast.com\/wordpress\/plugins\/seo\/ -->\n<title>Contact Us - Days Inn Lindsay<\/title>\n<meta name=\"description\" content=\"Contact Us - Days Inn Lindsay 134 Angeline Street South, Lindsay, Ontario, K9V 3L6. Visit our website and let us know how can we help.\" \/>\n<meta name=\"robots\" content=\"index, follow, max-snippet:-1, max-image-preview:large, max-video-preview:-1\" \/>\n<link rel=\"canonical\" href=\"https:\/\/daysinnlindsay.com\/contact-us\/\" \/>\n<meta property=\"og:locale\" content=\"fr_FR\" \/>\n<meta property=\"og:type\" content=\"article\" \/>\n<meta property=\"og:title\" content=\"Contact Us - Days Inn Lindsay\" \/>\n<meta property=\"og:description\" content=\"Contact Us - Days Inn Lindsay 134 Angeline Street South, Lindsay, Ontario, K9V 3L6. Visit our website and let us know how can we help.\" \/>\n<meta property=\"og:url\" content=\"https:\/\/daysinnlindsay.com\/contact-us\/\" \/>\n<meta property=\"og:site_name\" content=\"Days Inn Lindsay\" \/>\n<meta property=\"article:modified_time\" content=\"2025-09-16T18:24:40+00:00\" \/>\n<meta property=\"og:image\" content=\"https:\/\/daysinnlindsay.com\/wp-content\/uploads\/2018\/11\/logo.png\" \/>\n<meta name=\"twitter:label1\" content=\"Dur\u00e9e de lecture estim\u00e9e\" \/>\n\t<meta name=\"twitter:data1\" content=\"2 minutes\" \/>\n<script type=\"application\/ld+json\" class=\"yoast-schema-graph\">{\"@context\":\"https:\/\/schema.org\",\"@graph\":[{\"@type\":\"WebPage\",\"@id\":\"https:\/\/daysinnlindsay.com\/contact-us\/\",\"url\":\"https:\/\/daysinnlindsay.com\/contact-us\/\",\"name\":\"Contact Us - Days Inn Lindsay\",\"isPartOf\":{\"@id\":\"https:\/\/daysinnlindsay.com\/#website\"},\"datePublished\":\"2010-07-24T14:22:04+00:00\",\"dateModified\":\"2025-09-16T18:24:40+00:00\",\"description\":\"Contact Us - Days Inn Lindsay 134 Angeline Street South, Lindsay, Ontario, K9V 3L6. Visit our website and let us know how can we help.\",\"breadcrumb\":{\"@id\":\"https:\/\/daysinnlindsay.com\/contact-us\/#breadcrumb\"},\"inLanguage\":\"fr-FR\",\"potentialAction\":[{\"@type\":\"ReadAction\",\"target\":[\"https:\/\/daysinnlindsay.com\/contact-us\/\"]}]},{\"@type\":\"BreadcrumbList\",\"@id\":\"https:\/\/daysinnlindsay.com\/contact-us\/#breadcrumb\",\"itemListElement\":[{\"@type\":\"ListItem\",\"position\":1,\"name\":\"Home\",\"item\":\"https:\/\/daysinnlindsay.com\/\"},{\"@type\":\"ListItem\",\"position\":2,\"name\":\"Contact Us\"}]},{\"@type\":\"WebSite\",\"@id\":\"https:\/\/daysinnlindsay.com\/#website\",\"url\":\"https:\/\/daysinnlindsay.com\/\",\"name\":\"Days Inn Lindsay\",\"description\":\"Days Inn Lindsay\",\"potentialAction\":[{\"@type\":\"SearchAction\",\"target\":{\"@type\":\"EntryPoint\",\"urlTemplate\":\"https:\/\/daysinnlindsay.com\/?s={search_term_string}\"},\"query-input\":\"required name=search_term_string\"}],\"inLanguage\":\"fr-FR\"}]}<\/script>\n<!-- \/ Yoast SEO plugin. -->","yoast_head_json":{"title":"Contact Us - Days Inn Lindsay","description":"Contact Us - Days Inn Lindsay 134 Angeline Street South, Lindsay, Ontario, K9V 3L6. Visit our website and let us know how can we help.","robots":{"index":"index","follow":"follow","max-snippet":"max-snippet:-1","max-image-preview":"max-image-preview:large","max-video-preview":"max-video-preview:-1"},"canonical":"https:\/\/daysinnlindsay.com\/contact-us\/","og_locale":"fr_FR","og_type":"article","og_title":"Contact Us - Days Inn Lindsay","og_description":"Contact Us - Days Inn Lindsay 134 Angeline Street South, Lindsay, Ontario, K9V 3L6. Visit our website and let us know how can we help.","og_url":"https:\/\/daysinnlindsay.com\/contact-us\/","og_site_name":"Days Inn Lindsay","article_modified_time":"2025-09-16T18:24:40+00:00","og_image":[{"url":"https:\/\/daysinnlindsay.com\/wp-content\/uploads\/2018\/11\/logo.png"}],"twitter_misc":{"Dur\u00e9e de lecture estim\u00e9e":"2 minutes"},"schema":{"@context":"https:\/\/schema.org","@graph":[{"@type":"WebPage","@id":"https:\/\/daysinnlindsay.com\/contact-us\/","url":"https:\/\/daysinnlindsay.com\/contact-us\/","name":"Contact Us - Days Inn Lindsay","isPartOf":{"@id":"https:\/\/daysinnlindsay.com\/#website"},"datePublished":"2010-07-24T14:22:04+00:00","dateModified":"2025-09-16T18:24:40+00:00","description":"Contact Us - Days Inn Lindsay 134 Angeline Street South, Lindsay, Ontario, K9V 3L6. Visit our website and let us know how can we help.","breadcrumb":{"@id":"https:\/\/daysinnlindsay.com\/contact-us\/#breadcrumb"},"inLanguage":"fr-FR","potentialAction":[{"@type":"ReadAction","target":["https:\/\/daysinnlindsay.com\/contact-us\/"]}]},{"@type":"BreadcrumbList","@id":"https:\/\/daysinnlindsay.com\/contact-us\/#breadcrumb","itemListElement":[{"@type":"ListItem","position":1,"name":"Home","item":"https:\/\/daysinnlindsay.com\/"},{"@type":"ListItem","position":2,"name":"Contact Us"}]},{"@type":"WebSite","@id":"https:\/\/daysinnlindsay.com\/#website","url":"https:\/\/daysinnlindsay.com\/","name":"Days Inn Lindsay","description":"Days Inn Lindsay","potentialAction":[{"@type":"SearchAction","target":{"@type":"EntryPoint","urlTemplate":"https:\/\/daysinnlindsay.com\/?s={search_term_string}"},"query-input":"required name=search_term_string"}],"inLanguage":"fr-FR"}]}},"_links":{"self":[{"href":"https:\/\/daysinnlindsay.com\/fr\/wp-json\/wp\/v2\/pages\/104"}],"collection":[{"href":"https:\/\/daysinnlindsay.com\/fr\/wp-json\/wp\/v2\/pages"}],"about":[{"href":"https:\/\/daysinnlindsay.com\/fr\/wp-json\/wp\/v2\/types\/page"}],"author":[{"embeddable":true,"href":"https:\/\/daysinnlindsay.com\/fr\/wp-json\/wp\/v2\/users\/2"}],"replies":[{"embeddable":true,"href":"https:\/\/daysinnlindsay.com\/fr\/wp-json\/wp\/v2\/comments?post=104"}],"version-history":[{"count":14,"href":"https:\/\/daysinnlindsay.com\/fr\/wp-json\/wp\/v2\/pages\/104\/revisions"}],"predecessor-version":[{"id":2021,"href":"https:\/\/daysinnlindsay.com\/fr\/wp-json\/wp\/v2\/pages\/104\/revisions\/2021"}],"wp:attachment":[{"href":"https:\/\/daysinnlindsay.com\/fr\/wp-json\/wp\/v2\/media?parent=104"}],"curies":[{"name":"wp","href":"https:\/\/api.w.org\/{rel}","templated":true}]}}