{"id":1840,"date":"2022-11-11T12:26:09","date_gmt":"2022-11-11T12:26:09","guid":{"rendered":"https:\/\/daysinnlindsay.com\/?page_id=1840"},"modified":"2022-11-14T09:16:59","modified_gmt":"2022-11-14T09:16:59","slug":"public-use","status":"publish","type":"page","link":"https:\/\/daysinnlindsay.com\/fr\/public-use\/","title":{"rendered":"(EN) Public Use"},"content":{"rendered":"<p class=\"qtranxs-available-languages-message qtranxs-available-languages-message-fr\">D\u00e9sol\u00e9, cet article est seulement disponible en <a href=\"https:\/\/daysinnlindsay.com\/en\/wp-json\/wp\/v2\/pages\/1840\" class=\"qtranxs-available-language-link qtranxs-available-language-link-en\" title=\"EN\">Anglais Am\u00e9ricain<\/a>.<\/p>","protected":false},"excerpt":{"rendered":"<p>D\u00e9sol\u00e9, cet article est seulement disponible en Anglais Am\u00e9ricain.<\/p>\n","protected":false},"author":2,"featured_media":0,"parent":0,"menu_order":0,"comment_status":"closed","ping_status":"closed","template":"","meta":{"_monsterinsights_skip_tracking":false,"_monsterinsights_sitenote_active":false,"_monsterinsights_sitenote_note":"","_monsterinsights_sitenote_category":0},"yoast_head":"<!-- This site is optimized with the Yoast SEO plugin v20.1 - https:\/\/yoast.com\/wordpress\/plugins\/seo\/ -->\n<title>(EN) Public Use - Days Inn Lindsay<\/title>\n<meta name=\"robots\" content=\"index, follow, max-snippet:-1, max-image-preview:large, max-video-preview:-1\" \/>\n<link rel=\"canonical\" href=\"https:\/\/daysinnlindsay.com\/public-use\/\" \/>\n<meta property=\"og:locale\" content=\"fr_FR\" \/>\n<meta property=\"og:type\" content=\"article\" \/>\n<meta property=\"og:title\" content=\"(EN) Public Use - Days Inn Lindsay\" \/>\n<meta property=\"og:description\" content=\"D\u00e9sol\u00e9, cet article est seulement disponible en Anglais Am\u00e9ricain.\" \/>\n<meta property=\"og:url\" content=\"https:\/\/daysinnlindsay.com\/public-use\/\" \/>\n<meta property=\"og:site_name\" content=\"Days Inn Lindsay\" \/>\n<meta property=\"article:modified_time\" content=\"2022-11-14T09:16:59+00:00\" \/>\n<meta name=\"twitter:label1\" content=\"Dur\u00e9e de lecture estim\u00e9e\" \/>\n\t<meta name=\"twitter:data1\" content=\"1 minute\" \/>\n<script type=\"application\/ld+json\" class=\"yoast-schema-graph\">{\"@context\":\"https:\/\/schema.org\",\"@graph\":[{\"@type\":\"WebPage\",\"@id\":\"https:\/\/daysinnlindsay.com\/public-use\/\",\"url\":\"https:\/\/daysinnlindsay.com\/public-use\/\",\"name\":\"(EN) Public Use - Days Inn Lindsay\",\"isPartOf\":{\"@id\":\"https:\/\/daysinnlindsay.com\/#website\"},\"datePublished\":\"2022-11-11T12:26:09+00:00\",\"dateModified\":\"2022-11-14T09:16:59+00:00\",\"breadcrumb\":{\"@id\":\"https:\/\/daysinnlindsay.com\/public-use\/#breadcrumb\"},\"inLanguage\":\"fr-FR\",\"potentialAction\":[{\"@type\":\"ReadAction\",\"target\":[\"https:\/\/daysinnlindsay.com\/public-use\/\"]}]},{\"@type\":\"BreadcrumbList\",\"@id\":\"https:\/\/daysinnlindsay.com\/public-use\/#breadcrumb\",\"itemListElement\":[{\"@type\":\"ListItem\",\"position\":1,\"name\":\"Home\",\"item\":\"https:\/\/daysinnlindsay.com\/\"},{\"@type\":\"ListItem\",\"position\":2,\"name\":\"Public Use\"}]},{\"@type\":\"WebSite\",\"@id\":\"https:\/\/daysinnlindsay.com\/#website\",\"url\":\"https:\/\/daysinnlindsay.com\/\",\"name\":\"Days Inn Lindsay\",\"description\":\"Days Inn Lindsay\",\"potentialAction\":[{\"@type\":\"SearchAction\",\"target\":{\"@type\":\"EntryPoint\",\"urlTemplate\":\"https:\/\/daysinnlindsay.com\/?s={search_term_string}\"},\"query-input\":\"required name=search_term_string\"}],\"inLanguage\":\"fr-FR\"}]}<\/script>\n<!-- \/ Yoast SEO plugin. -->","yoast_head_json":{"title":"(EN) Public Use - Days Inn Lindsay","robots":{"index":"index","follow":"follow","max-snippet":"max-snippet:-1","max-image-preview":"max-image-preview:large","max-video-preview":"max-video-preview:-1"},"canonical":"https:\/\/daysinnlindsay.com\/public-use\/","og_locale":"fr_FR","og_type":"article","og_title":"(EN) Public Use - Days Inn Lindsay","og_description":"D\u00e9sol\u00e9, cet article est seulement disponible en Anglais Am\u00e9ricain.","og_url":"https:\/\/daysinnlindsay.com\/public-use\/","og_site_name":"Days Inn Lindsay","article_modified_time":"2022-11-14T09:16:59+00:00","twitter_misc":{"Dur\u00e9e de lecture estim\u00e9e":"1 minute"},"schema":{"@context":"https:\/\/schema.org","@graph":[{"@type":"WebPage","@id":"https:\/\/daysinnlindsay.com\/public-use\/","url":"https:\/\/daysinnlindsay.com\/public-use\/","name":"(EN) Public Use - Days Inn Lindsay","isPartOf":{"@id":"https:\/\/daysinnlindsay.com\/#website"},"datePublished":"2022-11-11T12:26:09+00:00","dateModified":"2022-11-14T09:16:59+00:00","breadcrumb":{"@id":"https:\/\/daysinnlindsay.com\/public-use\/#breadcrumb"},"inLanguage":"fr-FR","potentialAction":[{"@type":"ReadAction","target":["https:\/\/daysinnlindsay.com\/public-use\/"]}]},{"@type":"BreadcrumbList","@id":"https:\/\/daysinnlindsay.com\/public-use\/#breadcrumb","itemListElement":[{"@type":"ListItem","position":1,"name":"Home","item":"https:\/\/daysinnlindsay.com\/"},{"@type":"ListItem","position":2,"name":"Public Use"}]},{"@type":"WebSite","@id":"https:\/\/daysinnlindsay.com\/#website","url":"https:\/\/daysinnlindsay.com\/","name":"Days Inn Lindsay","description":"Days Inn Lindsay","potentialAction":[{"@type":"SearchAction","target":{"@type":"EntryPoint","urlTemplate":"https:\/\/daysinnlindsay.com\/?s={search_term_string}"},"query-input":"required name=search_term_string"}],"inLanguage":"fr-FR"}]}},"_links":{"self":[{"href":"https:\/\/daysinnlindsay.com\/fr\/wp-json\/wp\/v2\/pages\/1840"}],"collection":[{"href":"https:\/\/daysinnlindsay.com\/fr\/wp-json\/wp\/v2\/pages"}],"about":[{"href":"https:\/\/daysinnlindsay.com\/fr\/wp-json\/wp\/v2\/types\/page"}],"author":[{"embeddable":true,"href":"https:\/\/daysinnlindsay.com\/fr\/wp-json\/wp\/v2\/users\/2"}],"replies":[{"embeddable":true,"href":"https:\/\/daysinnlindsay.com\/fr\/wp-json\/wp\/v2\/comments?post=1840"}],"version-history":[{"count":2,"href":"https:\/\/daysinnlindsay.com\/fr\/wp-json\/wp\/v2\/pages\/1840\/revisions"}],"predecessor-version":[{"id":1848,"href":"https:\/\/daysinnlindsay.com\/fr\/wp-json\/wp\/v2\/pages\/1840\/revisions\/1848"}],"wp:attachment":[{"href":"https:\/\/daysinnlindsay.com\/fr\/wp-json\/wp\/v2\/media?parent=1840"}],"curies":[{"name":"wp","href":"https:\/\/api.w.org\/{rel}","templated":true}]}}