{"id":1843,"date":"2022-11-11T12:35:58","date_gmt":"2022-11-11T12:35:58","guid":{"rendered":"https:\/\/daysinnlindsay.com\/?page_id=1843"},"modified":"2024-08-12T11:29:20","modified_gmt":"2024-08-12T11:29:20","slug":"were-1","status":"publish","type":"page","link":"https:\/\/daysinnlindsay.com\/fr\/were-1\/","title":{"rendered":"(EN) We&rsquo;re #1"},"content":{"rendered":"<p class=\"qtranxs-available-languages-message qtranxs-available-languages-message-fr\">D\u00e9sol\u00e9, cet article est seulement disponible en <a href=\"https:\/\/daysinnlindsay.com\/en\/wp-json\/wp\/v2\/pages\/1843\" class=\"qtranxs-available-language-link qtranxs-available-language-link-en\" title=\"EN\">Anglais Am\u00e9ricain<\/a>.<\/p>","protected":false},"excerpt":{"rendered":"<p>D\u00e9sol\u00e9, cet article est seulement disponible en Anglais Am\u00e9ricain.<\/p>\n","protected":false},"author":2,"featured_media":0,"parent":0,"menu_order":0,"comment_status":"closed","ping_status":"closed","template":"","meta":{"_monsterinsights_skip_tracking":false,"_monsterinsights_sitenote_active":false,"_monsterinsights_sitenote_note":"","_monsterinsights_sitenote_category":0},"yoast_head":"<!-- This site is optimized with the Yoast SEO plugin v20.1 - https:\/\/yoast.com\/wordpress\/plugins\/seo\/ -->\n<title>(EN) We&#039;re #1 - Days Inn Lindsay<\/title>\n<meta name=\"robots\" content=\"index, follow, max-snippet:-1, max-image-preview:large, max-video-preview:-1\" \/>\n<link rel=\"canonical\" href=\"https:\/\/daysinnlindsay.com\/were-1\/\" \/>\n<meta property=\"og:locale\" content=\"fr_FR\" \/>\n<meta property=\"og:type\" content=\"article\" \/>\n<meta property=\"og:title\" content=\"(EN) We&#039;re #1 - Days Inn Lindsay\" \/>\n<meta property=\"og:description\" content=\"D\u00e9sol\u00e9, cet article est seulement disponible en Anglais Am\u00e9ricain.\" \/>\n<meta property=\"og:url\" content=\"https:\/\/daysinnlindsay.com\/were-1\/\" \/>\n<meta property=\"og:site_name\" content=\"Days Inn Lindsay\" \/>\n<meta property=\"article:modified_time\" content=\"2024-08-12T11:29:20+00:00\" \/>\n<meta property=\"og:image\" content=\"https:\/\/daysinnlindsay.com\/wp-content\/uploads\/2022\/11\/2022-Posts-10-1-1024x1024-1.png\" \/>\n<meta name=\"twitter:label1\" content=\"Dur\u00e9e de lecture estim\u00e9e\" \/>\n\t<meta name=\"twitter:data1\" content=\"2 minutes\" \/>\n<script type=\"application\/ld+json\" class=\"yoast-schema-graph\">{\"@context\":\"https:\/\/schema.org\",\"@graph\":[{\"@type\":\"WebPage\",\"@id\":\"https:\/\/daysinnlindsay.com\/were-1\/\",\"url\":\"https:\/\/daysinnlindsay.com\/were-1\/\",\"name\":\"(EN) We're #1 - Days Inn Lindsay\",\"isPartOf\":{\"@id\":\"https:\/\/daysinnlindsay.com\/#website\"},\"datePublished\":\"2022-11-11T12:35:58+00:00\",\"dateModified\":\"2024-08-12T11:29:20+00:00\",\"breadcrumb\":{\"@id\":\"https:\/\/daysinnlindsay.com\/were-1\/#breadcrumb\"},\"inLanguage\":\"fr-FR\",\"potentialAction\":[{\"@type\":\"ReadAction\",\"target\":[\"https:\/\/daysinnlindsay.com\/were-1\/\"]}]},{\"@type\":\"BreadcrumbList\",\"@id\":\"https:\/\/daysinnlindsay.com\/were-1\/#breadcrumb\",\"itemListElement\":[{\"@type\":\"ListItem\",\"position\":1,\"name\":\"Home\",\"item\":\"https:\/\/daysinnlindsay.com\/\"},{\"@type\":\"ListItem\",\"position\":2,\"name\":\"We&#8217;re #1\"}]},{\"@type\":\"WebSite\",\"@id\":\"https:\/\/daysinnlindsay.com\/#website\",\"url\":\"https:\/\/daysinnlindsay.com\/\",\"name\":\"Days Inn Lindsay\",\"description\":\"Days Inn Lindsay\",\"potentialAction\":[{\"@type\":\"SearchAction\",\"target\":{\"@type\":\"EntryPoint\",\"urlTemplate\":\"https:\/\/daysinnlindsay.com\/?s={search_term_string}\"},\"query-input\":\"required name=search_term_string\"}],\"inLanguage\":\"fr-FR\"}]}<\/script>\n<!-- \/ Yoast SEO plugin. -->","yoast_head_json":{"title":"(EN) We're #1 - Days Inn Lindsay","robots":{"index":"index","follow":"follow","max-snippet":"max-snippet:-1","max-image-preview":"max-image-preview:large","max-video-preview":"max-video-preview:-1"},"canonical":"https:\/\/daysinnlindsay.com\/were-1\/","og_locale":"fr_FR","og_type":"article","og_title":"(EN) We're #1 - Days Inn Lindsay","og_description":"D\u00e9sol\u00e9, cet article est seulement disponible en Anglais Am\u00e9ricain.","og_url":"https:\/\/daysinnlindsay.com\/were-1\/","og_site_name":"Days Inn Lindsay","article_modified_time":"2024-08-12T11:29:20+00:00","og_image":[{"url":"https:\/\/daysinnlindsay.com\/wp-content\/uploads\/2022\/11\/2022-Posts-10-1-1024x1024-1.png"}],"twitter_misc":{"Dur\u00e9e de lecture estim\u00e9e":"2 minutes"},"schema":{"@context":"https:\/\/schema.org","@graph":[{"@type":"WebPage","@id":"https:\/\/daysinnlindsay.com\/were-1\/","url":"https:\/\/daysinnlindsay.com\/were-1\/","name":"(EN) We're #1 - Days Inn Lindsay","isPartOf":{"@id":"https:\/\/daysinnlindsay.com\/#website"},"datePublished":"2022-11-11T12:35:58+00:00","dateModified":"2024-08-12T11:29:20+00:00","breadcrumb":{"@id":"https:\/\/daysinnlindsay.com\/were-1\/#breadcrumb"},"inLanguage":"fr-FR","potentialAction":[{"@type":"ReadAction","target":["https:\/\/daysinnlindsay.com\/were-1\/"]}]},{"@type":"BreadcrumbList","@id":"https:\/\/daysinnlindsay.com\/were-1\/#breadcrumb","itemListElement":[{"@type":"ListItem","position":1,"name":"Home","item":"https:\/\/daysinnlindsay.com\/"},{"@type":"ListItem","position":2,"name":"We&#8217;re #1"}]},{"@type":"WebSite","@id":"https:\/\/daysinnlindsay.com\/#website","url":"https:\/\/daysinnlindsay.com\/","name":"Days Inn Lindsay","description":"Days Inn Lindsay","potentialAction":[{"@type":"SearchAction","target":{"@type":"EntryPoint","urlTemplate":"https:\/\/daysinnlindsay.com\/?s={search_term_string}"},"query-input":"required name=search_term_string"}],"inLanguage":"fr-FR"}]}},"_links":{"self":[{"href":"https:\/\/daysinnlindsay.com\/fr\/wp-json\/wp\/v2\/pages\/1843"}],"collection":[{"href":"https:\/\/daysinnlindsay.com\/fr\/wp-json\/wp\/v2\/pages"}],"about":[{"href":"https:\/\/daysinnlindsay.com\/fr\/wp-json\/wp\/v2\/types\/page"}],"author":[{"embeddable":true,"href":"https:\/\/daysinnlindsay.com\/fr\/wp-json\/wp\/v2\/users\/2"}],"replies":[{"embeddable":true,"href":"https:\/\/daysinnlindsay.com\/fr\/wp-json\/wp\/v2\/comments?post=1843"}],"version-history":[{"count":9,"href":"https:\/\/daysinnlindsay.com\/fr\/wp-json\/wp\/v2\/pages\/1843\/revisions"}],"predecessor-version":[{"id":1997,"href":"https:\/\/daysinnlindsay.com\/fr\/wp-json\/wp\/v2\/pages\/1843\/revisions\/1997"}],"wp:attachment":[{"href":"https:\/\/daysinnlindsay.com\/fr\/wp-json\/wp\/v2\/media?parent=1843"}],"curies":[{"name":"wp","href":"https:\/\/api.w.org\/{rel}","templated":true}]}}