{"id":348,"date":"2011-01-12T12:41:02","date_gmt":"2011-01-12T12:41:02","guid":{"rendered":"https:\/\/www.dayshoteltoronto.com.php5-17.dfw1-1.websitetestlink.com\/"},"modified":"2023-02-13T14:25:03","modified_gmt":"2023-02-13T14:25:03","slug":"rooms","status":"publish","type":"page","link":"https:\/\/daysinnlindsay.com\/fr\/rooms\/","title":{"rendered":"Chambres d&rsquo;h\u00f4tes et amp; Suites"},"content":{"rendered":"<p>Notre h\u00f4tel a \u00e9t\u00e9 construit en tenant compte du confort de la client\u00e8le moderne. Vous pouvez en profiter tout en vous d\u00e9tendant dans votre chambre bien am\u00e9nag\u00e9e. L\u2019h\u00f4tel dispose d\u2019une vari\u00e9t\u00e9 de types de chambres pour r\u00e9pondre aux besoins de tous les voyageurs. Toutes les chambres incluent un petit d\u00e9jeuner gratuit, un acc\u00e8s \u00e0 notre piscine int\u00e9rieure d\u2019eau sal\u00e9e et notre salle de gym.<\/p>\n<p>&nbsp;<\/p>\n<div class=\"rooms1\">\n<div>\n<p><a href=\"https:\/\/daysinnlindsay.com\/wp-content\/uploads\/2020\/10\/DSC_1727.jpg\"><img decoding=\"async\" loading=\"lazy\" src=\"https:\/\/daysinnlindsay.com\/wp-content\/uploads\/2020\/10\/DSC_1727-300x201.jpg\" alt=\"\" width=\"300\" height=\"201\" class=\"alignleft size-medium wp-image-1612\" srcset=\"https:\/\/daysinnlindsay.com\/wp-content\/uploads\/2020\/10\/DSC_1727-300x201.jpg 300w, https:\/\/daysinnlindsay.com\/wp-content\/uploads\/2020\/10\/DSC_1727-768x514.jpg 768w, https:\/\/daysinnlindsay.com\/wp-content\/uploads\/2020\/10\/DSC_1727-1024x685.jpg 1024w, https:\/\/daysinnlindsay.com\/wp-content\/uploads\/2020\/10\/DSC_1727.jpg 1500w\" sizes=\"(max-width: 300px) 100vw, 300px\" \/><\/a><\/p>\n<h5>Suite&nbsp;Ex\u00e9cutive<\/h5>\n<p>Cette suite luxueuse comprend une chemin\u00e9e, un lit king size, une table \u00e0 manger, un wetbar, un mini r\u00e9frig\u00e9rateur et un coin salon avec canap\u00e9-lit gigogne. Les portes coulissantes de la chambre \u00e0 coucher s\u00e9parent la chambre du salon de la suite. Utilisez cette salle pour les r\u00e9unions de petites entreprises, des pr\u00e9paratifs de mariage ou pour se r\u00e9chauffer avec la famille et profiter de l&rsquo;ambiance intime. Peut accueillir jusqu&rsquo;\u00e0 4 personnes par s\u00e9jour.<\/p>\n<\/div>\n<div>\n<p><a href=\"https:\/\/daysinnlindsay.com\/wp-content\/uploads\/2011\/01\/Suite.jpg\"><img decoding=\"async\" loading=\"lazy\" class=\"alignleft\" src=\"..\/wp-content\/uploads\/2011\/01\/Suite-300x200.jpg\" alt=\"Queen Suite: contains 2 queen beds and a sitting area with a pull out sofa bed, mini fridge and flat screen TV\" width=\"300\" height=\"200\"><\/a><\/p>\n<h5>Suite&nbsp;Queen<\/h5>\n<p>Contient 2 lits queen-size et un coin salon avec un canap\u00e9-lit. Cette chambre comprend un bureau et une chaise de bureau, un mini-r\u00e9frig\u00e9rateur et une t\u00e9l\u00e9vision \u00e0 \u00e9cran plat. Peut accueillir jusqu&rsquo;\u00e0 6 personnes par s\u00e9jour.<\/p>\n<\/div>\n<div>\n<p><a href=\"https:\/\/daysinnlindsay.com\/wp-content\/uploads\/2011\/01\/King.jpg\"><img decoding=\"async\" loading=\"lazy\" class=\"alignleft\" src=\"..\/wp-content\/uploads\/2011\/01\/King-300x200.jpg\" alt=\"King Room: contains a single king bed, mini fridge and flat screen TV\" width=\"300\" height=\"200\"><\/a><\/p>\n<h5>&nbsp;<\/h5>\n<h5>Chambre King&nbsp;<\/h5>\n<p>Contient un lit King, un bureau et une chaise de bureau, un mini r\u00e9frig\u00e9rateur et une t\u00e9l\u00e9vision \u00e0 \u00e9cran plat. Peut accueillir jusqu&rsquo;\u00e0 2 personnes par s\u00e9jour.<\/p>\n<\/div>\n<div>\n<p><a href=\"https:\/\/daysinnlindsay.com\/wp-content\/uploads\/2011\/01\/Classic-Queen.jpg\"><img decoding=\"async\" loading=\"lazy\" class=\"alignleft\" src=\"..\/wp-content\/uploads\/2011\/01\/Classic-Queen-300x200.jpg\" alt=\"Classic Queen room: contains 2 queen beds, mini fridge and flat screen TV\" width=\"300\" height=\"200\"><\/a><\/p>\n<h5>Chambre Queen classique:<\/h5>\n<p>Contient 2 lits queen, un bureau et une chaise de bureau, un mini-r\u00e9frig\u00e9rateur et une t\u00e9l\u00e9vision \u00e0 \u00e9cran plat. Elle peut accueillir jusqu&rsquo;\u00e0 4 personnes par s\u00e9jour.<\/p>\n<\/div>\n<div>\n<p><a href=\"https:\/\/daysinnlindsay.com\/wp-content\/uploads\/2011\/01\/Accessible.jpg\"><img decoding=\"async\" loading=\"lazy\" class=\"alignleft\" src=\"..\/wp-content\/uploads\/2011\/01\/Accessible-300x200.jpg\" alt=\"Accessible Queen room: handicap accessible room containing one queen bed, mini fridge and flat screen TV\" width=\"300\" height=\"200\"><\/a><\/p>\n<h5>Chambre Queen Accessible:<\/h5>\n<p>Chambre accessible aux personnes \u00e0 mobilit\u00e9 r\u00e9duite comprenant un lit queen, un bureau et une chaise de bureau, un mini r\u00e9frig\u00e9rateur et une t\u00e9l\u00e9vision \u00e0 \u00e9cran plat. Salle de bain plus grande avec espace pour le mouvement du fauteuil roulant. La salle de bain contient une baignoire avec des barres d&rsquo;appui suppl\u00e9mentaires, une pommeau de douche amovible, et un si\u00e8ge de douche. Peut accueillir jusqu&rsquo;\u00e0 2 personnes par s\u00e9jour.<\/p>\n<\/div>\n<div>\n<p><a href=\"https:\/\/daysinnlindsay.com\/wp-content\/uploads\/2011\/01\/Accessible.jpg\"><img decoding=\"async\" loading=\"lazy\" class=\"alignleft\" src=\"..\/wp-content\/uploads\/2011\/01\/Accessible-300x200.jpg\" alt=\"Single Queen\" width=\"300\" height=\"200\"><\/a><\/p>\n<h5>La Queen Single :<\/h5>\n<p>Contient un lit Queen pour une personne, un bureau et une chaise de bureau, un mini r\u00e9frig\u00e9rateur et une t\u00e9l\u00e9vision \u00e0 \u00e9cran plat. Peut accueillir jusqu&rsquo;\u00e0 2 personnes par s\u00e9jour.<\/p>\n<\/div>\n<\/div>\n<p><\/p>","protected":false},"excerpt":{"rendered":"<p>Notre h\u00f4tel a \u00e9t\u00e9 construit en tenant compte du confort de la client\u00e8le moderne. Vous pouvez en profiter tout en vous d\u00e9tendant dans votre chambre bien am\u00e9nag\u00e9e. L\u2019h\u00f4tel dispose d\u2019une vari\u00e9t\u00e9 de types de chambres pour r\u00e9pondre aux besoins de tous les voyageurs. Toutes les chambres incluent un petit d\u00e9jeuner gratuit, un acc\u00e8s \u00e0 notre [&hellip;]<\/p>\n","protected":false},"author":2,"featured_media":0,"parent":0,"menu_order":12,"comment_status":"open","ping_status":"closed","template":"","meta":{"_monsterinsights_skip_tracking":false,"_monsterinsights_sitenote_active":false,"_monsterinsights_sitenote_note":"","_monsterinsights_sitenote_category":0},"yoast_head":"<!-- This site is optimized with the Yoast SEO plugin v20.1 - https:\/\/yoast.com\/wordpress\/plugins\/seo\/ -->\n<title>Chambres d&#039;h\u00f4tes et amp; Suites - Days Inn Lindsay<\/title>\n<meta name=\"robots\" content=\"index, follow, max-snippet:-1, max-image-preview:large, max-video-preview:-1\" \/>\n<link rel=\"canonical\" href=\"https:\/\/daysinnlindsay.com\/rooms\/\" \/>\n<meta property=\"og:locale\" content=\"fr_FR\" \/>\n<meta property=\"og:type\" content=\"article\" \/>\n<meta property=\"og:title\" content=\"Chambres d&#039;h\u00f4tes et amp; Suites - Days Inn Lindsay\" \/>\n<meta property=\"og:description\" content=\"Notre h\u00f4tel a \u00e9t\u00e9 construit en tenant compte du confort de la client\u00e8le moderne. Vous pouvez en profiter tout en vous d\u00e9tendant dans votre chambre bien am\u00e9nag\u00e9e. L\u2019h\u00f4tel dispose d\u2019une vari\u00e9t\u00e9 de types de chambres pour r\u00e9pondre aux besoins de tous les voyageurs. Toutes les chambres incluent un petit d\u00e9jeuner gratuit, un acc\u00e8s \u00e0 notre [&hellip;]\" \/>\n<meta property=\"og:url\" content=\"https:\/\/daysinnlindsay.com\/rooms\/\" \/>\n<meta property=\"og:site_name\" content=\"Days Inn Lindsay\" \/>\n<meta property=\"article:modified_time\" content=\"2023-02-13T14:25:03+00:00\" \/>\n<meta property=\"og:image\" content=\"https:\/\/daysinnlindsay.com\/wp-content\/uploads\/2023\/02\/GYL-DaysInn-Lindsay-4102_3_4-copy-min-min-1-300x200.jpg\" \/>\n<meta name=\"twitter:label1\" content=\"Dur\u00e9e de lecture estim\u00e9e\" \/>\n\t<meta name=\"twitter:data1\" content=\"3 minutes\" \/>\n<script type=\"application\/ld+json\" class=\"yoast-schema-graph\">{\"@context\":\"https:\/\/schema.org\",\"@graph\":[{\"@type\":\"WebPage\",\"@id\":\"https:\/\/daysinnlindsay.com\/rooms\/\",\"url\":\"https:\/\/daysinnlindsay.com\/rooms\/\",\"name\":\"Chambres d'h\u00f4tes et amp; Suites - Days Inn Lindsay\",\"isPartOf\":{\"@id\":\"https:\/\/daysinnlindsay.com\/#website\"},\"datePublished\":\"2011-01-12T12:41:02+00:00\",\"dateModified\":\"2023-02-13T14:25:03+00:00\",\"breadcrumb\":{\"@id\":\"https:\/\/daysinnlindsay.com\/rooms\/#breadcrumb\"},\"inLanguage\":\"fr-FR\",\"potentialAction\":[{\"@type\":\"ReadAction\",\"target\":[\"https:\/\/daysinnlindsay.com\/rooms\/\"]}]},{\"@type\":\"BreadcrumbList\",\"@id\":\"https:\/\/daysinnlindsay.com\/rooms\/#breadcrumb\",\"itemListElement\":[{\"@type\":\"ListItem\",\"position\":1,\"name\":\"Home\",\"item\":\"https:\/\/daysinnlindsay.com\/\"},{\"@type\":\"ListItem\",\"position\":2,\"name\":\"Guest Rooms &amp; Suites\"}]},{\"@type\":\"WebSite\",\"@id\":\"https:\/\/daysinnlindsay.com\/#website\",\"url\":\"https:\/\/daysinnlindsay.com\/\",\"name\":\"Days Inn Lindsay\",\"description\":\"Days Inn Lindsay\",\"potentialAction\":[{\"@type\":\"SearchAction\",\"target\":{\"@type\":\"EntryPoint\",\"urlTemplate\":\"https:\/\/daysinnlindsay.com\/?s={search_term_string}\"},\"query-input\":\"required name=search_term_string\"}],\"inLanguage\":\"fr-FR\"}]}<\/script>\n<!-- \/ Yoast SEO plugin. -->","yoast_head_json":{"title":"Chambres d'h\u00f4tes et amp; Suites - Days Inn Lindsay","robots":{"index":"index","follow":"follow","max-snippet":"max-snippet:-1","max-image-preview":"max-image-preview:large","max-video-preview":"max-video-preview:-1"},"canonical":"https:\/\/daysinnlindsay.com\/rooms\/","og_locale":"fr_FR","og_type":"article","og_title":"Chambres d'h\u00f4tes et amp; Suites - Days Inn Lindsay","og_description":"Notre h\u00f4tel a \u00e9t\u00e9 construit en tenant compte du confort de la client\u00e8le moderne. Vous pouvez en profiter tout en vous d\u00e9tendant dans votre chambre bien am\u00e9nag\u00e9e. L\u2019h\u00f4tel dispose d\u2019une vari\u00e9t\u00e9 de types de chambres pour r\u00e9pondre aux besoins de tous les voyageurs. Toutes les chambres incluent un petit d\u00e9jeuner gratuit, un acc\u00e8s \u00e0 notre [&hellip;]","og_url":"https:\/\/daysinnlindsay.com\/rooms\/","og_site_name":"Days Inn Lindsay","article_modified_time":"2023-02-13T14:25:03+00:00","og_image":[{"url":"https:\/\/daysinnlindsay.com\/wp-content\/uploads\/2023\/02\/GYL-DaysInn-Lindsay-4102_3_4-copy-min-min-1-300x200.jpg"}],"twitter_misc":{"Dur\u00e9e de lecture estim\u00e9e":"3 minutes"},"schema":{"@context":"https:\/\/schema.org","@graph":[{"@type":"WebPage","@id":"https:\/\/daysinnlindsay.com\/rooms\/","url":"https:\/\/daysinnlindsay.com\/rooms\/","name":"Chambres d'h\u00f4tes et amp; Suites - Days Inn Lindsay","isPartOf":{"@id":"https:\/\/daysinnlindsay.com\/#website"},"datePublished":"2011-01-12T12:41:02+00:00","dateModified":"2023-02-13T14:25:03+00:00","breadcrumb":{"@id":"https:\/\/daysinnlindsay.com\/rooms\/#breadcrumb"},"inLanguage":"fr-FR","potentialAction":[{"@type":"ReadAction","target":["https:\/\/daysinnlindsay.com\/rooms\/"]}]},{"@type":"BreadcrumbList","@id":"https:\/\/daysinnlindsay.com\/rooms\/#breadcrumb","itemListElement":[{"@type":"ListItem","position":1,"name":"Home","item":"https:\/\/daysinnlindsay.com\/"},{"@type":"ListItem","position":2,"name":"Guest Rooms &amp; Suites"}]},{"@type":"WebSite","@id":"https:\/\/daysinnlindsay.com\/#website","url":"https:\/\/daysinnlindsay.com\/","name":"Days Inn Lindsay","description":"Days Inn Lindsay","potentialAction":[{"@type":"SearchAction","target":{"@type":"EntryPoint","urlTemplate":"https:\/\/daysinnlindsay.com\/?s={search_term_string}"},"query-input":"required name=search_term_string"}],"inLanguage":"fr-FR"}]}},"_links":{"self":[{"href":"https:\/\/daysinnlindsay.com\/fr\/wp-json\/wp\/v2\/pages\/348"}],"collection":[{"href":"https:\/\/daysinnlindsay.com\/fr\/wp-json\/wp\/v2\/pages"}],"about":[{"href":"https:\/\/daysinnlindsay.com\/fr\/wp-json\/wp\/v2\/types\/page"}],"author":[{"embeddable":true,"href":"https:\/\/daysinnlindsay.com\/fr\/wp-json\/wp\/v2\/users\/2"}],"replies":[{"embeddable":true,"href":"https:\/\/daysinnlindsay.com\/fr\/wp-json\/wp\/v2\/comments?post=348"}],"version-history":[{"count":16,"href":"https:\/\/daysinnlindsay.com\/fr\/wp-json\/wp\/v2\/pages\/348\/revisions"}],"predecessor-version":[{"id":1917,"href":"https:\/\/daysinnlindsay.com\/fr\/wp-json\/wp\/v2\/pages\/348\/revisions\/1917"}],"wp:attachment":[{"href":"https:\/\/daysinnlindsay.com\/fr\/wp-json\/wp\/v2\/media?parent=348"}],"curies":[{"name":"wp","href":"https:\/\/api.w.org\/{rel}","templated":true}]}}