{"id":432,"date":"2011-01-12T17:24:26","date_gmt":"2011-01-12T17:24:26","guid":{"rendered":"https:\/\/www.dayshoteltoronto.com.php5-17.dfw1-1.websitetestlink.com\/"},"modified":"2011-01-12T17:24:26","modified_gmt":"2011-01-12T17:24:26","slug":"sitemap","status":"publish","type":"page","link":"https:\/\/daysinnlindsay.com\/fr\/sitemap\/","title":{"rendered":"SiteMap"},"content":{"rendered":"<p><\/p>\n<h4>Plan du site<\/h4>\n<table width=\"80%\" cellspacing=\"0\" cellpadding=\"0\" align=\"center\">\n<tbody>\n<tr>\n<td style=\"text-align: left;\" valign=\"top\" width=\"50%\">\n<ul style=\"line-height: 18pt;\">\n<ul style=\"line-height: 18pt;\">\n<ul style=\"line-height: 18pt;\">\n<li>Accueil<\/li>\n<li>Aper\u00e7u de l&rsquo;h\u00f4tel<\/li>\n<li>Chambres<\/li>\n<li>Photos<\/li>\n<\/ul>\n<\/ul>\n<\/ul>\n<p>&nbsp;<\/td>\n<td style=\"text-align: left;\" valign=\"top\" width=\"50%\">\n<ul style=\"line-height: 18pt;\">\n<li>R\u00e9gion et Attraction<\/li>\n<li>Conf\u00e9rences et mariages<\/li>\n<li>Nous contacter<\/li>\n<li>Packs<\/li>\n<\/ul>\n<\/td>\n<\/tr>\n<\/tbody>\n<\/table>\n<p><\/p>","protected":false},"excerpt":{"rendered":"<p>Plan du site Accueil Aper\u00e7u de l&rsquo;h\u00f4tel Chambres Photos &nbsp; R\u00e9gion et Attraction Conf\u00e9rences et mariages Nous contacter Packs<\/p>\n","protected":false},"author":2,"featured_media":0,"parent":0,"menu_order":0,"comment_status":"open","ping_status":"closed","template":"","meta":{"_monsterinsights_skip_tracking":false,"_monsterinsights_sitenote_active":false,"_monsterinsights_sitenote_note":"","_monsterinsights_sitenote_category":0},"yoast_head":"<!-- This site is optimized with the Yoast SEO plugin v20.1 - https:\/\/yoast.com\/wordpress\/plugins\/seo\/ -->\n<title>SiteMap - Days Inn Lindsay<\/title>\n<meta name=\"robots\" content=\"index, follow, max-snippet:-1, max-image-preview:large, max-video-preview:-1\" \/>\n<link rel=\"canonical\" href=\"https:\/\/daysinnlindsay.com\/sitemap\/\" \/>\n<meta property=\"og:locale\" content=\"fr_FR\" \/>\n<meta property=\"og:type\" content=\"article\" \/>\n<meta property=\"og:title\" content=\"SiteMap - Days Inn Lindsay\" \/>\n<meta property=\"og:description\" content=\"Plan du site Accueil Aper\u00e7u de l&rsquo;h\u00f4tel Chambres Photos &nbsp; R\u00e9gion et Attraction Conf\u00e9rences et mariages Nous contacter Packs\" \/>\n<meta property=\"og:url\" content=\"https:\/\/daysinnlindsay.com\/sitemap\/\" \/>\n<meta property=\"og:site_name\" content=\"Days Inn Lindsay\" \/>\n<script type=\"application\/ld+json\" class=\"yoast-schema-graph\">{\"@context\":\"https:\/\/schema.org\",\"@graph\":[{\"@type\":\"WebPage\",\"@id\":\"https:\/\/daysinnlindsay.com\/sitemap\/\",\"url\":\"https:\/\/daysinnlindsay.com\/sitemap\/\",\"name\":\"SiteMap - Days Inn Lindsay\",\"isPartOf\":{\"@id\":\"https:\/\/daysinnlindsay.com\/#website\"},\"datePublished\":\"2011-01-12T17:24:26+00:00\",\"dateModified\":\"2011-01-12T17:24:26+00:00\",\"breadcrumb\":{\"@id\":\"https:\/\/daysinnlindsay.com\/sitemap\/#breadcrumb\"},\"inLanguage\":\"fr-FR\",\"potentialAction\":[{\"@type\":\"ReadAction\",\"target\":[\"https:\/\/daysinnlindsay.com\/sitemap\/\"]}]},{\"@type\":\"BreadcrumbList\",\"@id\":\"https:\/\/daysinnlindsay.com\/sitemap\/#breadcrumb\",\"itemListElement\":[{\"@type\":\"ListItem\",\"position\":1,\"name\":\"Home\",\"item\":\"https:\/\/daysinnlindsay.com\/\"},{\"@type\":\"ListItem\",\"position\":2,\"name\":\"SiteMap\"}]},{\"@type\":\"WebSite\",\"@id\":\"https:\/\/daysinnlindsay.com\/#website\",\"url\":\"https:\/\/daysinnlindsay.com\/\",\"name\":\"Days Inn Lindsay\",\"description\":\"Days Inn Lindsay\",\"potentialAction\":[{\"@type\":\"SearchAction\",\"target\":{\"@type\":\"EntryPoint\",\"urlTemplate\":\"https:\/\/daysinnlindsay.com\/?s={search_term_string}\"},\"query-input\":\"required name=search_term_string\"}],\"inLanguage\":\"fr-FR\"}]}<\/script>\n<!-- \/ Yoast SEO plugin. -->","yoast_head_json":{"title":"SiteMap - Days Inn Lindsay","robots":{"index":"index","follow":"follow","max-snippet":"max-snippet:-1","max-image-preview":"max-image-preview:large","max-video-preview":"max-video-preview:-1"},"canonical":"https:\/\/daysinnlindsay.com\/sitemap\/","og_locale":"fr_FR","og_type":"article","og_title":"SiteMap - Days Inn Lindsay","og_description":"Plan du site Accueil Aper\u00e7u de l&rsquo;h\u00f4tel Chambres Photos &nbsp; R\u00e9gion et Attraction Conf\u00e9rences et mariages Nous contacter Packs","og_url":"https:\/\/daysinnlindsay.com\/sitemap\/","og_site_name":"Days Inn Lindsay","schema":{"@context":"https:\/\/schema.org","@graph":[{"@type":"WebPage","@id":"https:\/\/daysinnlindsay.com\/sitemap\/","url":"https:\/\/daysinnlindsay.com\/sitemap\/","name":"SiteMap - Days Inn Lindsay","isPartOf":{"@id":"https:\/\/daysinnlindsay.com\/#website"},"datePublished":"2011-01-12T17:24:26+00:00","dateModified":"2011-01-12T17:24:26+00:00","breadcrumb":{"@id":"https:\/\/daysinnlindsay.com\/sitemap\/#breadcrumb"},"inLanguage":"fr-FR","potentialAction":[{"@type":"ReadAction","target":["https:\/\/daysinnlindsay.com\/sitemap\/"]}]},{"@type":"BreadcrumbList","@id":"https:\/\/daysinnlindsay.com\/sitemap\/#breadcrumb","itemListElement":[{"@type":"ListItem","position":1,"name":"Home","item":"https:\/\/daysinnlindsay.com\/"},{"@type":"ListItem","position":2,"name":"SiteMap"}]},{"@type":"WebSite","@id":"https:\/\/daysinnlindsay.com\/#website","url":"https:\/\/daysinnlindsay.com\/","name":"Days Inn Lindsay","description":"Days Inn Lindsay","potentialAction":[{"@type":"SearchAction","target":{"@type":"EntryPoint","urlTemplate":"https:\/\/daysinnlindsay.com\/?s={search_term_string}"},"query-input":"required name=search_term_string"}],"inLanguage":"fr-FR"}]}},"_links":{"self":[{"href":"https:\/\/daysinnlindsay.com\/fr\/wp-json\/wp\/v2\/pages\/432"}],"collection":[{"href":"https:\/\/daysinnlindsay.com\/fr\/wp-json\/wp\/v2\/pages"}],"about":[{"href":"https:\/\/daysinnlindsay.com\/fr\/wp-json\/wp\/v2\/types\/page"}],"author":[{"embeddable":true,"href":"https:\/\/daysinnlindsay.com\/fr\/wp-json\/wp\/v2\/users\/2"}],"replies":[{"embeddable":true,"href":"https:\/\/daysinnlindsay.com\/fr\/wp-json\/wp\/v2\/comments?post=432"}],"version-history":[{"count":0,"href":"https:\/\/daysinnlindsay.com\/fr\/wp-json\/wp\/v2\/pages\/432\/revisions"}],"wp:attachment":[{"href":"https:\/\/daysinnlindsay.com\/fr\/wp-json\/wp\/v2\/media?parent=432"}],"curies":[{"name":"wp","href":"https:\/\/api.w.org\/{rel}","templated":true}]}}