{"id":767,"date":"2015-05-29T18:55:47","date_gmt":"2015-05-29T18:55:47","guid":{"rendered":"\/?page_id=767"},"modified":"2022-09-29T20:14:24","modified_gmt":"2022-09-29T20:14:24","slug":"prefered-florists","status":"publish","type":"page","link":"https:\/\/daysinnlindsay.com\/fr\/prefered-florists\/","title":{"rendered":"Fleuristes pr\u00e9f\u00e9r\u00e9s"},"content":{"rendered":"<p><\/p>\n<table width=\"100%\" cellspacing=\"2\" cellpadding=\"2\">\n<tbody>\n<tr>\n<td>&nbsp;<\/td>\n<\/tr>\n<tr>\n<td valign=\"top\"><img decoding=\"async\" loading=\"lazy\" class=\"alignright size-full wp-image-772\" style=\"margin: 0 0 10px 10px; padding: 4px; border: solid 1px #ccc;\" src=\"https:\/\/daysinnlindsay.com\/wp-content\/uploads\/2015\/05\/hills-florist.jpg\" alt=\"Hill's Florist &amp; Greenhouses\" width=\"200\" height=\"89\"><\/p>\n<h1 style=\"margin-top: 0px;\">Hill&rsquo;s Florist &amp; Greenhouses<\/h1>\n<p>182 Lindsay Street South Lindsay, ON K9V 2N3<br \/>\n705-324-2412<br \/>\n<a href=\"https:\/\/www.hillsflorist.ca\" target=\"_blank\" rel=\"noopener\">www.hillsflorist.ca<\/a><\/p>\n<p>Nous sommes une entreprise familiale&nbsp;de troisi\u00e8me g\u00e9n\u00e9ration de fleuristes (cette ann\u00e9e marque notre 70\u00e8me anniversaire). Nous avons plus de 25.000 pieds carr\u00e9s de serres et cultivons&nbsp;nos propres paniers suspendus et plantes vivaces&nbsp;annuelles. Nous nous sp\u00e9cialisons dans les conceptions traditionnelles et modernes. Nous avons la plus grande vari\u00e9t\u00e9 de fleurs fra\u00eeches et de fleurs \/ plantes tropicales \u00e0 Lindsay Ontario !<\/td>\n<\/tr>\n<tr>\n<td>&nbsp;<\/td>\n<\/tr>\n<tr>\n<td valign=\"top\"><img decoding=\"async\" loading=\"lazy\" class=\"alignright size-full wp-image-773\" style=\"margin: 0 0 10px 10px; padding: 4px; border: solid 1px #ccc;\" src=\"https:\/\/daysinnlindsay.com\/wp-content\/uploads\/2015\/05\/twine-twig.jpg\" alt=\"Twine X Twig\" width=\"200\" height=\"188\"><\/p>\n<h1 style=\"margin-top: 0px;\">Twine X Twig<\/h1>\n<p>232 Kent St W., Lindsay, ON K9V 6A4<br \/>\n705-878-1276<br \/>\n<!--<a href=\"https:\/\/www.twinetwig.com\" target=\"_blank\" rel=\"noopener\">www.twinetwig.com<\/a>--><\/p>\n<p>TWINE x TWIG est une boutique de fleurs inspir\u00e9e de la beaut\u00e9 des \u00e9l\u00e9ments naturels. Nous sommes heureux de vous pr\u00e9parer&nbsp;un bouquet de fleurs magnifiquement con\u00e7u pour toutes les occasions, de vous aider \u00e0 choisir un cadeau sp\u00e9cial, d&rsquo;\u00eatre un &lsquo;guide floral pour vous et de vous faire la conception florale de&nbsp;votre mariage ou un \u00e9v\u00e9nement sp\u00e9cial. Venez et parcourez notre belle s\u00e9lection de cadeaux trop, nous avons de magnifiques savons, bougies et goodies! Nous offrons des fleurs \u00e0 Lindsay, ainsi que les zones rurales environnantes.<\/td>\n<\/tr>\n<\/tbody>\n<\/table>\n<p><\/p>","protected":false},"excerpt":{"rendered":"<p>&nbsp; Hill&rsquo;s Florist &amp; Greenhouses 182 Lindsay Street South Lindsay, ON K9V 2N3 705-324-2412 www.hillsflorist.ca Nous sommes une entreprise familiale&nbsp;de troisi\u00e8me g\u00e9n\u00e9ration de fleuristes (cette ann\u00e9e marque notre 70\u00e8me anniversaire). Nous avons plus de 25.000 pieds carr\u00e9s de serres et cultivons&nbsp;nos propres paniers suspendus et plantes vivaces&nbsp;annuelles. Nous nous sp\u00e9cialisons dans les conceptions traditionnelles et [&hellip;]<\/p>\n","protected":false},"author":2,"featured_media":0,"parent":0,"menu_order":0,"comment_status":"open","ping_status":"closed","template":"","meta":{"_monsterinsights_skip_tracking":false,"_monsterinsights_sitenote_active":false,"_monsterinsights_sitenote_note":"","_monsterinsights_sitenote_category":0},"yoast_head":"<!-- This site is optimized with the Yoast SEO plugin v20.1 - https:\/\/yoast.com\/wordpress\/plugins\/seo\/ -->\n<title>Fleuristes pr\u00e9f\u00e9r\u00e9s - Days Inn Lindsay<\/title>\n<meta name=\"robots\" content=\"index, follow, max-snippet:-1, max-image-preview:large, max-video-preview:-1\" \/>\n<link rel=\"canonical\" href=\"https:\/\/daysinnlindsay.com\/prefered-florists\/\" \/>\n<meta property=\"og:locale\" content=\"fr_FR\" \/>\n<meta property=\"og:type\" content=\"article\" \/>\n<meta property=\"og:title\" content=\"Fleuristes pr\u00e9f\u00e9r\u00e9s - Days Inn Lindsay\" \/>\n<meta property=\"og:description\" content=\"&nbsp; Hill&rsquo;s Florist &amp; Greenhouses 182 Lindsay Street South Lindsay, ON K9V 2N3 705-324-2412 www.hillsflorist.ca Nous sommes une entreprise familiale&nbsp;de troisi\u00e8me g\u00e9n\u00e9ration de fleuristes (cette ann\u00e9e marque notre 70\u00e8me anniversaire). Nous avons plus de 25.000 pieds carr\u00e9s de serres et cultivons&nbsp;nos propres paniers suspendus et plantes vivaces&nbsp;annuelles. Nous nous sp\u00e9cialisons dans les conceptions traditionnelles et [&hellip;]\" \/>\n<meta property=\"og:url\" content=\"https:\/\/daysinnlindsay.com\/prefered-florists\/\" \/>\n<meta property=\"og:site_name\" content=\"Days Inn Lindsay\" \/>\n<meta property=\"article:modified_time\" content=\"2022-09-29T20:14:24+00:00\" \/>\n<meta property=\"og:image\" content=\"https:\/\/daysinnlindsay.com\/wp-content\/uploads\/2015\/05\/hills-florist.jpg\" \/>\n<meta name=\"twitter:label1\" content=\"Dur\u00e9e de lecture estim\u00e9e\" \/>\n\t<meta name=\"twitter:data1\" content=\"2 minutes\" \/>\n<script type=\"application\/ld+json\" class=\"yoast-schema-graph\">{\"@context\":\"https:\/\/schema.org\",\"@graph\":[{\"@type\":\"WebPage\",\"@id\":\"https:\/\/daysinnlindsay.com\/prefered-florists\/\",\"url\":\"https:\/\/daysinnlindsay.com\/prefered-florists\/\",\"name\":\"Fleuristes pr\u00e9f\u00e9r\u00e9s - Days Inn Lindsay\",\"isPartOf\":{\"@id\":\"https:\/\/daysinnlindsay.com\/#website\"},\"datePublished\":\"2015-05-29T18:55:47+00:00\",\"dateModified\":\"2022-09-29T20:14:24+00:00\",\"breadcrumb\":{\"@id\":\"https:\/\/daysinnlindsay.com\/prefered-florists\/#breadcrumb\"},\"inLanguage\":\"fr-FR\",\"potentialAction\":[{\"@type\":\"ReadAction\",\"target\":[\"https:\/\/daysinnlindsay.com\/prefered-florists\/\"]}]},{\"@type\":\"BreadcrumbList\",\"@id\":\"https:\/\/daysinnlindsay.com\/prefered-florists\/#breadcrumb\",\"itemListElement\":[{\"@type\":\"ListItem\",\"position\":1,\"name\":\"Home\",\"item\":\"https:\/\/daysinnlindsay.com\/\"},{\"@type\":\"ListItem\",\"position\":2,\"name\":\"Preferred Florists\"}]},{\"@type\":\"WebSite\",\"@id\":\"https:\/\/daysinnlindsay.com\/#website\",\"url\":\"https:\/\/daysinnlindsay.com\/\",\"name\":\"Days Inn Lindsay\",\"description\":\"Days Inn Lindsay\",\"potentialAction\":[{\"@type\":\"SearchAction\",\"target\":{\"@type\":\"EntryPoint\",\"urlTemplate\":\"https:\/\/daysinnlindsay.com\/?s={search_term_string}\"},\"query-input\":\"required name=search_term_string\"}],\"inLanguage\":\"fr-FR\"}]}<\/script>\n<!-- \/ Yoast SEO plugin. -->","yoast_head_json":{"title":"Fleuristes pr\u00e9f\u00e9r\u00e9s - Days Inn Lindsay","robots":{"index":"index","follow":"follow","max-snippet":"max-snippet:-1","max-image-preview":"max-image-preview:large","max-video-preview":"max-video-preview:-1"},"canonical":"https:\/\/daysinnlindsay.com\/prefered-florists\/","og_locale":"fr_FR","og_type":"article","og_title":"Fleuristes pr\u00e9f\u00e9r\u00e9s - Days Inn Lindsay","og_description":"&nbsp; Hill&rsquo;s Florist &amp; Greenhouses 182 Lindsay Street South Lindsay, ON K9V 2N3 705-324-2412 www.hillsflorist.ca Nous sommes une entreprise familiale&nbsp;de troisi\u00e8me g\u00e9n\u00e9ration de fleuristes (cette ann\u00e9e marque notre 70\u00e8me anniversaire). Nous avons plus de 25.000 pieds carr\u00e9s de serres et cultivons&nbsp;nos propres paniers suspendus et plantes vivaces&nbsp;annuelles. Nous nous sp\u00e9cialisons dans les conceptions traditionnelles et [&hellip;]","og_url":"https:\/\/daysinnlindsay.com\/prefered-florists\/","og_site_name":"Days Inn Lindsay","article_modified_time":"2022-09-29T20:14:24+00:00","og_image":[{"url":"https:\/\/daysinnlindsay.com\/wp-content\/uploads\/2015\/05\/hills-florist.jpg"}],"twitter_misc":{"Dur\u00e9e de lecture estim\u00e9e":"2 minutes"},"schema":{"@context":"https:\/\/schema.org","@graph":[{"@type":"WebPage","@id":"https:\/\/daysinnlindsay.com\/prefered-florists\/","url":"https:\/\/daysinnlindsay.com\/prefered-florists\/","name":"Fleuristes pr\u00e9f\u00e9r\u00e9s - Days Inn Lindsay","isPartOf":{"@id":"https:\/\/daysinnlindsay.com\/#website"},"datePublished":"2015-05-29T18:55:47+00:00","dateModified":"2022-09-29T20:14:24+00:00","breadcrumb":{"@id":"https:\/\/daysinnlindsay.com\/prefered-florists\/#breadcrumb"},"inLanguage":"fr-FR","potentialAction":[{"@type":"ReadAction","target":["https:\/\/daysinnlindsay.com\/prefered-florists\/"]}]},{"@type":"BreadcrumbList","@id":"https:\/\/daysinnlindsay.com\/prefered-florists\/#breadcrumb","itemListElement":[{"@type":"ListItem","position":1,"name":"Home","item":"https:\/\/daysinnlindsay.com\/"},{"@type":"ListItem","position":2,"name":"Preferred Florists"}]},{"@type":"WebSite","@id":"https:\/\/daysinnlindsay.com\/#website","url":"https:\/\/daysinnlindsay.com\/","name":"Days Inn Lindsay","description":"Days Inn Lindsay","potentialAction":[{"@type":"SearchAction","target":{"@type":"EntryPoint","urlTemplate":"https:\/\/daysinnlindsay.com\/?s={search_term_string}"},"query-input":"required name=search_term_string"}],"inLanguage":"fr-FR"}]}},"_links":{"self":[{"href":"https:\/\/daysinnlindsay.com\/fr\/wp-json\/wp\/v2\/pages\/767"}],"collection":[{"href":"https:\/\/daysinnlindsay.com\/fr\/wp-json\/wp\/v2\/pages"}],"about":[{"href":"https:\/\/daysinnlindsay.com\/fr\/wp-json\/wp\/v2\/types\/page"}],"author":[{"embeddable":true,"href":"https:\/\/daysinnlindsay.com\/fr\/wp-json\/wp\/v2\/users\/2"}],"replies":[{"embeddable":true,"href":"https:\/\/daysinnlindsay.com\/fr\/wp-json\/wp\/v2\/comments?post=767"}],"version-history":[{"count":3,"href":"https:\/\/daysinnlindsay.com\/fr\/wp-json\/wp\/v2\/pages\/767\/revisions"}],"predecessor-version":[{"id":1793,"href":"https:\/\/daysinnlindsay.com\/fr\/wp-json\/wp\/v2\/pages\/767\/revisions\/1793"}],"wp:attachment":[{"href":"https:\/\/daysinnlindsay.com\/fr\/wp-json\/wp\/v2\/media?parent=767"}],"curies":[{"name":"wp","href":"https:\/\/api.w.org\/{rel}","templated":true}]}}